{"id":19,"date":"2011-11-04T14:42:42","date_gmt":"2011-11-04T14:42:42","guid":{"rendered":"http:\/\/adrianasavu.psysens-center.ro\/?page_id=19"},"modified":"2011-11-04T14:42:42","modified_gmt":"2011-11-04T14:42:42","slug":"studii-2","status":"publish","type":"page","link":"https:\/\/adrianasavu.ro\/?page_id=19","title":{"rendered":"Studii"},"content":{"rendered":"<p><strong><span style=\"color: #800000;\">SAVU M. ADRIANA<\/span><\/strong><\/p>\n<ul>\n<li><strong>Psiholog clinician &#8211; acreditat de Colegiul Psihologilor din Romania, cod unic 9137<\/strong><\/li>\n<li><strong>Psihoterapeut<\/strong> &#8211; <strong>acreditat de Federatia Romana de Psihoterapie, APPAR Romania si Colegiul Psihologilor din Romania<\/strong><\/li>\n<li><strong>Coach &#8211; acreditat de International Coaching Institute<\/strong><strong><br \/>\n<\/strong><\/li>\n<li><strong>Formator &#8211; acreditat CNFPA, Ministerul Muncii, Familiei \u015fi Protec\u0163iei Sociale \u015fi Ministerul Educa\u0163iei, Cercet\u0103rii \u015fi Inov\u0103rii<\/strong><\/li>\n<li><strong>Lector<\/strong><strong><br \/>\n<\/strong><\/li>\n<\/ul>\n<p><span style=\"color: #800000;\"><strong>STUDII UNIVERSITARE<\/strong><\/span><\/p>\n<p><strong><span style=\"color: #000000;\">Facultatea de Psihologie si Stiintele Educatiei, specializare Psihologie, UNIVERSITATEA BUCURESTI<\/span><\/strong><\/p>\n<p><strong><span style=\"color: #800000;\">STUDII POSTUNIVERSITARE<\/span><\/strong><\/p>\n<ul>\n<li>\n<ul>\n<li><strong>Factori psihologici implica\u0163i \u00een performan\u0163a \u00een afaceri, Universitatea Babes-Bolyai, Cluj-Napoca<\/strong><\/li>\n<li><strong>Cognitive Neurosciences &#8211; faculattea de Medicina, Universitatea Carol Davila &#8211; Bucuresti<\/strong><\/li>\n<\/ul>\n<ul>\n<li><strong> Metode si tehnici psihoterapeutice, Universitatea Babes-Bolyai, Cluj<\/strong><\/li>\n<\/ul>\n<ul>\n<li><strong> Optimizarea performan\u0163ei profesionale prin consultan\u0163\u0103 \u015fi coaching cognitiv-comportamental, Universitatea Babes-Bolyai, Cluj-Napoca<\/strong><\/li>\n<\/ul>\n<ul>\n<li><strong> Consiliere si orientare in cariera, Universitatea Politehnica Bucuresti<\/strong><\/li>\n<\/ul>\n<\/li>\n<\/ul>\n<p><strong><span style=\"color: #800000;\">STAGII FORMARE<\/span><\/strong><br \/>\n<strong>Rezidentiat clinic Psihologie clinica-Spitalul Clinic de Psihiatrie Alexandru Obregia<\/strong><\/p>\n<p><strong>Formare in Psihoterapia adleriana<br \/>\nFormare in Psihoterapia pozitiva<\/strong><\/p>\n<p><strong><span style=\"color: #800000;\">WORKSHOPURI<\/span><\/strong><br \/>\n<strong>Psihiatrie pentru psihologi, Clinica de psihiatrie Psy Motion<br \/>\nPsihanaliza-drum catre cunoastere de sine<br \/>\nManagementul stresului<br \/>\nTehnici de dezvoltare a creativitatii<br \/>\nDiagnostic si evaluare clinica<br \/>\nEneagrama si dezvoltarea inteligentei emotionale<br \/>\nFluxogenics. Crearea st\u0103rii de flux &#8211; Bruno Medicina<\/strong><\/p>\n<p><strong><span style=\"color: #800000;\">CONFERINTE\/SIMPOZIOANE\/COLOCVII<\/span><\/strong><br \/>\n<strong>Simpozionul jubiliar<\/strong> <strong><span style=\"color: #008000;\">&#8220;Modernitatea operei lui Constantin Radulescu Motru&#8221;<\/span><\/strong><strong>, Bucuresti, 2007<br \/>\nColocviul International de Psihanaliza <span style=\"color: #008000;\">&#8220;Provocarile psihanalizei in secolul 21\u2033<\/span>, Bucuresti, 2008<br \/>\nConferinta Nationala a Societatii de Psihosomatica Aplicata si Medicina Comportamentala din Romania <span style=\"color: #008000;\">&#8220;Normalitatea Psihica\/Psihosomatica bolilor cardiovasculare&#8221;<\/span>, Bucuresti, 2008<br \/>\nConferinta Nationala de Psihologie Industriala si Organizationala &#8220;Alexandru Rosca&#8221;, Cluj-Napoca 2009<br \/>\nConferinta &#8220;<span style=\"color: #008000;\">Tandemul medic somatician-psiholog clinician in ecuatia terapeutica a medicinei psihosomatice&#8221;<\/span>, Bucuresti 2009<br \/>\nConferinta Internationala <span style=\"color: #008000;\">&#8220;Psihologie si Societate&#8221;<\/span>, Bucuresti 2009<br \/>\nM.A.I. si Academia de Politie &#8220;Alexandru Ioan Cuza&#8221; &#8211; Sesiunea de comunicari stiintifice cu participare internationala <span style=\"color: #008000;\">&#8220;Standardele de performanta in dezvoltarea carierei: prioritati si oportunitati&#8221;<\/span>, Bucuresti 2009<br \/>\nConferin\u0163\u0103 Na\u0163ional\u0103 a Societatii de Psihosomatica Aplicata si Medicina Comportamentala din Romania, <span style=\"color: #008000;\">&#8220;Agresivitatea &#8211; Implicatii in tulburarile psihosomatice si comportamentale<\/span>&#8220;, Bucuresti, 2010<\/strong><\/p>\n<p><strong><span style=\"color: #800000;\">CURSURI<\/span><\/strong><br \/>\n<strong>Inspector resurse umane &#8211; Scoala Romana de Afaceri, Bucuresti<br \/>\nFormator &#8211; Scoala Romana de Afaceri<br \/>\nManagementul performantei &#8211; Vision Consulting, Bucuresti<br \/>\nManager de Proiect &#8211; P. M. G. Solution, Bucuresti<br \/>\nManager resurse umane &#8211; P.M.G. Solution, Bucuresti<br \/>\nEuropean Bussines Communication &#8211; Academia Britanica de Afaceri si Comunicare<\/strong><\/p>\n<p><strong><span style=\"color: #800000;\">AFILIERI<\/span><\/strong><br \/>\n<strong>Colegiul Psihologilor din Romania<br \/>\nAsociatia Psihologilor din Romania<br \/>\nSocietatea de Psihosomatica aplicata si Medicina comportamentala din Romania<br \/>\nAsociatia Romana de Psihologie Transpersonala<br \/>\nLiga Romana pentru Sanatate Mintala\u00a0<\/strong><\/p>\n<p><strong><strong>Federatia Romana de Psihoterapie<\/strong><\/strong><\/p>\n<p><strong><strong>APPAR Romania \u00a0\u00a0\u00a0\u00a0\u00a0\u00a0\u00a0\u00a0\u00a0\u00a0\u00a0\u00a0\u00a0\u00a0\u00a0\u00a0\u00a0\u00a0\u00a0\u00a0\u00a0\u00a0\u00a0\u00a0\u00a0\u00a0\u00a0\u00a0\u00a0\u00a0\u00a0\u00a0\u00a0\u00a0\u00a0\u00a0\u00a0\u00a0\u00a0\u00a0\u00a0\u00a0\u00a0\u00a0\u00a0\u00a0\u00a0\u00a0\u00a0\u00a0\u00a0\u00a0\u00a0\u00a0\u00a0\u00a0\u00a0\u00a0\u00a0\u00a0\u00a0\u00a0\u00a0\u00a0\u00a0\u00a0\u00a0\u00a0\u00a0\u00a0\u00a0\u00a0\u00a0\u00a0\u00a0 <\/strong><br \/>\n<\/strong><\/p>\n<p>&nbsp;<\/p>\n","protected":false},"excerpt":{"rendered":"<p>SAVU M. ADRIANA Psiholog clinician &#8211; acreditat de Colegiul Psihologilor din Romania, cod unic 9137 Psihoterapeut &#8211; acreditat de Federatia Romana de Psihoterapie, APPAR Romania si Colegiul Psihologilor din Romania Coach &#8211; acreditat de International Coaching Institute Formator &#8211; acreditat CNFPA, Ministerul Muncii, Familiei \u015fi Protec\u0163iei Sociale \u015fi Ministerul Educa\u0163iei, Cercet\u0103rii \u015fi Inov\u0103rii Lector STUDII [&hellip;]<\/p>\n","protected":false},"author":2,"featured_media":0,"parent":0,"menu_order":0,"comment_status":"closed","ping_status":"open","template":"","meta":[],"_links":{"self":[{"href":"https:\/\/adrianasavu.ro\/index.php?rest_route=\/wp\/v2\/pages\/19"}],"collection":[{"href":"https:\/\/adrianasavu.ro\/index.php?rest_route=\/wp\/v2\/pages"}],"about":[{"href":"https:\/\/adrianasavu.ro\/index.php?rest_route=\/wp\/v2\/types\/page"}],"author":[{"embeddable":true,"href":"https:\/\/adrianasavu.ro\/index.php?rest_route=\/wp\/v2\/users\/2"}],"replies":[{"embeddable":true,"href":"https:\/\/adrianasavu.ro\/index.php?rest_route=%2Fwp%2Fv2%2Fcomments&post=19"}],"version-history":[{"count":0,"href":"https:\/\/adrianasavu.ro\/index.php?rest_route=\/wp\/v2\/pages\/19\/revisions"}],"wp:attachment":[{"href":"https:\/\/adrianasavu.ro\/index.php?rest_route=%2Fwp%2Fv2%2Fmedia&parent=19"}],"curies":[{"name":"wp","href":"https:\/\/api.w.org\/{rel}","templated":true}]}}